{"id":2639,"date":"2024-03-22T11:25:09","date_gmt":"2024-03-22T14:25:09","guid":{"rendered":"http:\/\/millacalcados.com.br\/?page_id=2639"},"modified":"2024-03-22T11:25:37","modified_gmt":"2024-03-22T14:25:37","slug":"politica-de-privacidade-e-cookies","status":"publish","type":"page","link":"https:\/\/millacalcados.com.br\/?page_id=2639","title":{"rendered":"Pol\u00edtica de Privacidade e Cookies"},"content":{"rendered":"<p><strong>MILLA CAL\u00c7ADOS. <\/strong>Estabelece esta Pol\u00edtica de Privacidade, relativamente \u00e0 seguran\u00e7a das informa\u00e7\u00f5es, esclarecendo sobre o tratamento de dados pessoais do usu\u00e1rio em relacionamento online, por meio de sua plataforma eletr\u00f4nica, doravante nominada<strong>\u00a0WWW.MILLACALCADOS.COM.BR.<\/strong><br \/>\nEste instrumento est\u00e1 em conson\u00e2ncia com a Lei 13.709\/2018 (Lei Geral de Prote\u00e7\u00e3o de Dados Pessoais e Lei 12.965\/2014 (Marco Civil da Internet no Brasil), podendo ser revisto em decorr\u00eancia de poss\u00edveis atualiza\u00e7\u00f5es legislativas ou \u00e0 crit\u00e9rio do estipulante, raz\u00e3o pela qual \u00e9 sugerido ao usu\u00e1rio a consulta regular a este acervo.<br \/>\nAo proceder o cadastramento na plataforma\u00a0<strong>WWW.MILLACALCADOS.COM.BR<\/strong>, o usu\u00e1rio estar\u00e1 ciente e aceitando, tamb\u00e9m, esta Pol\u00edtica de Privacidade, que estar\u00e1 dispon\u00edvel para acesso na plataforma; assim, \u00e9 importante a pr\u00e9via leitura deste instrumento antes de acessar a plataforma\u00a0<strong>WWW.MILLACALCADOS.COM.BR<\/strong><strong>.<\/strong><\/p>\n<ul>\n<li><strong>DADOS PESSOAIS COLETADOS<\/strong>\n<ul>\n<li>A empresa\u00a0<strong>WWW.MILLACALCADOS.COM.BR<\/strong>, qualificada como controladora de dados, coleta dados inseridos pelo usu\u00e1rio quando da cria\u00e7\u00e3o da conta a ser utilizada, sua altera\u00e7\u00e3o e durante a presta\u00e7\u00e3o de servi\u00e7os ou venda da mercadoria, visando aferir a autenticidade da identidade do usu\u00e1rio e gerenciar a opera\u00e7\u00e3o, dados estes declarados pelo usu\u00e1rio ou coletados atrav\u00e9s de fontes de dados divulgados por terceiras.<\/li>\n<li>Os dados tamb\u00e9m poder\u00e3o ser coletados automaticamente, mediante intera\u00e7\u00e3o eletr\u00f4nica do usu\u00e1rio com a plataforma\u00a0<strong>WWW.MILLACALCADOS.COM.BR<\/strong>:<\/li>\n<li>a) Atrav\u00e9s de cookies (arquivo pequeno colocado no disco r\u00edgido do computador, que coleta e monitora informa\u00e7\u00f5es, visando reconhecer o usu\u00e1rio), lembrando que o usu\u00e1rio poder\u00e1 se recusar a aceitar cookies ativando a op\u00e7\u00e3o de configura\u00e7\u00e3o apropriada de seu navegador, mas, ao selecionar esta op\u00e7\u00e3o, o usu\u00e1rio poder\u00e1 n\u00e3o conseguir acessar certas partes da plataforma\u00a0<strong>WWW.MILLACALCADOS.COM.BR<\/strong>;<\/li>\n<li>b) Atrav\u00e9s da utiliza\u00e7\u00e3o sistema operacional ou outra ferramenta eletr\u00f4nica do computador ou dispositivo;<\/li>\n<li>c) Atrav\u00e9s de fontes p\u00fablicas e banco de dados de terceiros.<\/li>\n<li>S\u00e3o colhidos os seguintes dados:<\/li>\n<li>a) Dados pessoais, como nome, e-mail, RG, CPF, data de nascimento, n\u00fameros de telefones, endere\u00e7os, sexo, profiss\u00e3o, inscri\u00e7\u00e3o estadual e raz\u00e3o social, CNPJ;<\/li>\n<li>b) Dados inerentes a meios de pagamentos, como contas banc\u00e1rias e cart\u00f5es de cr\u00e9dito e d\u00e9bito;<\/li>\n<li>c) Dados inerentes \u00e0 identifica\u00e7\u00e3o do perfil do usu\u00e1rio, inclusive dados pessoais sens\u00edveis, visando a comercializa\u00e7\u00e3o dos produtos ou presta\u00e7\u00e3o dos servi\u00e7os;<\/li>\n<li>d) Dados do computador ou dispositivo do usu\u00e1rio, como endere\u00e7o IP e vicissitudes do equipamento.<\/li>\n<li>Ao utilizar-se a plataforma eletr\u00f4nica, o usu\u00e1rio se declara pela veracidade dos seus dados e de terceiros e confirma o consentimento destes para fornecer.<\/li>\n<li>Os dados do usu\u00e1rio ou terceiros ser\u00e3o armazenados pela empresa\u00a0<strong>WWW.MILLACALCADOS.COM.BR<\/strong>\u00a0durante o per\u00edodo necess\u00e1rio para a concretiza\u00e7\u00e3o do fornecimento do produto ou da presta\u00e7\u00e3o do servi\u00e7o e pelo prazo complementar de cinco anos, para fins do item 4.2, abaixo.<\/li>\n<\/ul>\n<\/li>\n<\/ul>\n<ul>\n<li><strong>FINALIDADE DA COLETA E TRATAMENTO DOS DADOS<\/strong>\n<ul>\n<li>O tratamento de dados coletados pela empresa\u00a0<strong>WWW.MILLACALCADOS.COM.BR<\/strong>\u00a0ocorrer\u00e1 em harmonia com o arcabou\u00e7o legislativo de prote\u00e7\u00e3o de dados e no \u00fanico prop\u00f3sito de nu\u00e7\u00e3o \u00e0s seguintes bases:<\/li>\n<li>a) Identifica\u00e7\u00e3o dos usu\u00e1rios e respectivo perfil;<\/li>\n<li>b) Prospec\u00e7\u00e3o e comercializa\u00e7\u00e3o dos produtos, e servi\u00e7os oferecidos, bem como do respectivo desenvolvimento;<\/li>\n<li>c) Divulga\u00e7\u00e3o de conte\u00fado relacionado \u00e0s atividades da empresa\u00a0<strong>WWW.MILLACALCADOS.COM.BR.<\/strong><\/li>\n<li>d) Avaliar e fomentar a intera\u00e7\u00e3o dos usu\u00e1rios com a empresa\u00a0<strong>WWW.MILLACALCADOS.COM.BR<\/strong>, bem como desenvolver novas formas de relacionamento (canais atendimento, ferramentas e conte\u00fado);<\/li>\n<li>e) \u201cCase empresarial\u201d (divulga\u00e7\u00e3o e vincula\u00e7\u00e3o do nome e marca do usu\u00e1rio \u00e0 plataforma\u00a0<strong>WWW.MILLACALCADOS.COM.BR<\/strong>, ficando vedada a exposi\u00e7\u00e3o de t\u00e9cnicas industriais);<\/li>\n<li>f) Evitar fraudes em face do usu\u00e1rio e terceiros;<\/li>\n<li>g) Potencializar as funcionalidades e desenvolvimento da plataforma;<\/li>\n<li>h) Cumprimento das obriga\u00e7\u00f5es contratuais reciprocamente estabelecidas e legais.<\/li>\n<\/ul>\n<\/li>\n<\/ul>\n<ul>\n<li><strong>PROTE\u00c7\u00c3O E ARMAZENAMENTO DOS DADOS COLETADOS<\/strong>\n<ul>\n<li>Para a prote\u00e7\u00e3o dos dados dos usu\u00e1rios e terceiros armazenados, a<strong>\u00a0WWW.MILLACALCADOS.COM.BR<\/strong>\u00a0se utilizar\u00e1 de meios de seguran\u00e7a (controles de acessos, criptografia, firewall, auditoria, etc).<\/li>\n<li>Considerando que nenhum sistema de seguran\u00e7a \u00e9 infal\u00edvel, a<strong>\u00a0WWW.MILLACALCADOS.COM.BR<\/strong>\u00a0se exime de quaisquer responsabilidades por eventuais danos decorrentes de falhas, v\u00edrus ou invas\u00f5es do bando de dados, salvo nos casos em que tiver dolo ou culpa.<br \/>\nOs dados pessoais obtidos pela\u00a0<strong>WWW.MILLACALCADOS.COM.BR<\/strong>\u00a0ser\u00e3o limitados aos profissionais dos segmentos que efetivamente os necessite para execu\u00e7\u00e3o das finalidades da transa\u00e7\u00e3o.<\/li>\n<li>Inobstante \u00e0s medidas de seguran\u00e7a, a\u00a0<strong>WWW.MILLACALCADOS.COM.BR<\/strong>\u00a0n\u00e3o se responsabiliza pelo acesso aos dados decorrente de a\u00e7\u00e3o externa ocasionadas por terceiros as quais n\u00e3o tenha concorrido, n\u00e3o se obriga \u00e0 realiza\u00e7\u00e3o backup ou contrata\u00e7\u00e3o de software antiv\u00edrus.<\/li>\n<li>\u00c9 do usu\u00e1rio a obriga\u00e7\u00e3o de confidencialidade de informa\u00e7\u00f5es atinentes ao acesso (login, senha, chaves de seguran\u00e7a, autentica\u00e7\u00e3o, ou outra forma de implementada), bem como a opera\u00e7\u00e3o na plataforma.<\/li>\n<\/ul>\n<\/li>\n<\/ul>\n<ul>\n<li><strong>COMPARTILHAMENTO DE DADOS<\/strong>\n<ul>\n<li>Os dados do usu\u00e1rio poder\u00e3o ser compartilhados pela\u00a0<strong>WWW.MILLACALCADOS.COM.BR<\/strong>\u00a0com terceiros, nas hip\u00f3teses de sucess\u00e3o empresarial (em qualquer modalidade) ou contrata\u00e7\u00e3o de servi\u00e7os de processamento de dados perante terceiros\/operadores.<\/li>\n<li>Mediante ci\u00eancia e aceite desta Pol\u00edtica de Privacidade, o usu\u00e1rio declarara seu consentimento com a eventual transfer\u00eancia de dados em aten\u00e7\u00e3o \u00e0 determina\u00e7\u00e3o do Poder P\u00fablico, determina\u00e7\u00e3o judicial, policial ou administrativa, nacionais ou estrangeiras, cujo fornecimento pela<strong>\u00a0WWW.MILLACALCADOS.COM.BR<\/strong>\u00a0\u00e9 obrigat\u00f3rio.<\/li>\n<li>A plataforma\u00a0<strong>WWW.MILLACALCADOS.COM.BR<\/strong>\u00a0poder\u00e1 fornecer acesso para plataformas de terceiros. Assim, \u00e9 recomendado ao usu\u00e1rio que, ao serem redirecionados para sites externos, consultem sempre os termos de uso e pol\u00edticas de privacidade antes de fornecer seus dados, porquanto a responsabilidade pertence \u00e0queles.<\/li>\n<li>A\u00a0<strong>WWW.MILLACALCADOS.COM.BR<\/strong>\u00a0e terceiros direcionados poder\u00e3o confirmar os dados do usu\u00e1rio, consultando bases p\u00fablicas e especializadas, sem que isto desnature a declara\u00e7\u00e3o do usu\u00e1rio.<\/li>\n<li>A\u00a0<strong>WWW.MILLACALCADOS.COM.BR<\/strong>\u00a0e terceiros direcionados poder\u00e3o enviar comunicados e mensagens publicit\u00e1rias ao usu\u00e1rio que poder\u00e1 optar pelo cancelamento do recebimento.<\/li>\n<\/ul>\n<\/li>\n<\/ul>\n<ul>\n<li><strong>DIREITOS DO USU\u00c1RIO<\/strong>\n<ul>\n<li style=\"list-style-type: none;\">\n<ul>\n<li><strong>A\u00a0<\/strong><strong>WWW.MILLACALCADOS.COM.BR<\/strong>\u00a0assegura ao usu\u00e1rio os direitos:<\/li>\n<li>a) Acesso irrestrito aos dados;<\/li>\n<li>b) Retifica\u00e7\u00e3o de dados incompletos, inexatos ou desatualizados;<\/li>\n<li>c) Anonimiza\u00e7\u00e3o, bloqueio ou elimina\u00e7\u00e3o de dados;<\/li>\n<li>d) Portabilidade dos dados;<\/li>\n<li>e) Revoga\u00e7\u00e3o do consentimento ao tratamento de dados<\/li>\n<\/ul>\n<\/li>\n<\/ul>\n<p>&nbsp;<\/p>\n<ul>\n<li>Os direitos retro s\u00e3o ressalvados na hip\u00f3tese de obriga\u00e7\u00e3o legal ou regulat\u00f3ria ou exerc\u00edcio do direito de defesa em qualquer \u00f3rg\u00e3o, e nos termos do item 1.5, retro.<\/li>\n<\/ul>\n<\/li>\n<\/ul>\n<hr \/>\n<p>Ja\u00fa, 08 de fevereiro de 2024.<strong><br \/>\nMILLA CALCADOS.<\/strong><\/p>\n<hr \/>\n<p>De acordo com a Lei Geral de Prote\u00e7\u00e3o de Dados, LGPD. Informamos que utilizamos cookies essenciais e tecnologias semelhantes, ao continuar navegando, voc\u00ea concorda com estas condi\u00e7\u00f5es. <strong>O que s\u00e3o**\u00a0cookies?<\/strong><\/p>\n<p>Um\u00a0cookie\u00a0\u00e9 um pequeno arquivo que ser\u00e1 instalado em seu computador atrav\u00e9s de seu navegador quando nosso portal \u00e9 acessado. Esse arquivo ficar\u00e1 acess\u00edvel a nossos servidores para coleta de informa\u00e7\u00f5es que nos permitir\u00e3o aprimorar a usabilidade e a experi\u00eancia de navega\u00e7\u00e3o em nossos portais. Estes\u00a0cookies\u00a0n\u00e3o coletam outras dados pessoais ou informa\u00e7\u00e3o de qualquer natureza armazenadas em seu computador.<\/p>\n<p><strong>Como e por que usamos\u00a0Cookies?<\/strong><\/p>\n<p>Empregamos\u00a0cookies\u00a0para que, quando voc\u00ea visita nosso\u00a0website, possamos coletar automaticamente os seguintes dados:<\/p>\n<p>(i) informa\u00e7\u00f5es t\u00e9cnicas como o tipo de equipamento que voc\u00ea utiliza (Desktop, celular, tablete ou outros), o sistema operacional empregado, o navegador utilizado e o endere\u00e7o de IP. Estes dados s\u00e3o empregados apenas para fins estat\u00edsticos e para que possamos corrigir problemas t\u00e9cnicos ou aprimorar a experi\u00eancia de navega\u00e7\u00e3o;<\/p>\n<p>(ii) informa\u00e7\u00f5es sobre a experi\u00eancia de navega\u00e7\u00e3o em nosso\u00a0website, como por exemplo as se\u00e7\u00f5es visitadas, conte\u00fado e servi\u00e7os visualizados, o tempo de visualiza\u00e7\u00e3o, refer\u00eancia externas que o levaram a nosso\u00a0website, etc. Estas informa\u00e7\u00f5es s\u00e3o empregadas para que possamos entender que tipo de conte\u00fado desperta maior interesse e levar a produzir materiais e conte\u00fados mais assertivos para os usu\u00e1rios;<\/p>\n<p>(iii) informa\u00e7\u00f5es de natureza pessoal como idioma de navega\u00e7\u00e3o e pa\u00eds de origem, utilizado no prop\u00f3sito de adotar essas prefer\u00eancias como padr\u00e3o a cada nova visita sua em nossos portais.<\/p>\n<p>N\u00e3o empregamos nenhum\u00a0cookie\u00a0pr\u00f3prio. Os\u00a0cookies\u00a0utilizados s\u00e3o:<\/p>\n<p>(1)\u00a0Google Analytics, para quantificar os acessos de fontes \u00fanicas afim de entender a relev\u00e2ncia do portal<\/p>\n<p>(2)\u00a0Youtube, relacionado \u00e0 exibi\u00e7\u00e3o dos v\u00eddeos disponibilizados no portal<\/p>\n<p>(3)\u00a0GetForm, enviado quando voc\u00ea formaliza uma mensagem requerendo contato via formul\u00e1rio<\/p>\n","protected":false},"excerpt":{"rendered":"<p>MILLA CAL\u00c7ADOS. Estabelece esta Pol\u00edtica de Privacidade, relativamente \u00e0 seguran\u00e7a das informa\u00e7\u00f5es, esclarecendo sobre o tratamento de dados pessoais do usu\u00e1rio em relacionamento online, por meio<span class=\"excerpt-hellip\"> [\u2026]<\/span><\/p>\n","protected":false},"author":1,"featured_media":0,"parent":0,"menu_order":0,"comment_status":"closed","ping_status":"closed","template":"","meta":{"footnotes":""},"class_list":["post-2639","page","type-page","status-publish","hentry"],"_links":{"self":[{"href":"https:\/\/millacalcados.com.br\/index.php?rest_route=\/wp\/v2\/pages\/2639","targetHints":{"allow":["GET"]}}],"collection":[{"href":"https:\/\/millacalcados.com.br\/index.php?rest_route=\/wp\/v2\/pages"}],"about":[{"href":"https:\/\/millacalcados.com.br\/index.php?rest_route=\/wp\/v2\/types\/page"}],"author":[{"embeddable":true,"href":"https:\/\/millacalcados.com.br\/index.php?rest_route=\/wp\/v2\/users\/1"}],"replies":[{"embeddable":true,"href":"https:\/\/millacalcados.com.br\/index.php?rest_route=%2Fwp%2Fv2%2Fcomments&post=2639"}],"version-history":[{"count":2,"href":"https:\/\/millacalcados.com.br\/index.php?rest_route=\/wp\/v2\/pages\/2639\/revisions"}],"predecessor-version":[{"id":2641,"href":"https:\/\/millacalcados.com.br\/index.php?rest_route=\/wp\/v2\/pages\/2639\/revisions\/2641"}],"wp:attachment":[{"href":"https:\/\/millacalcados.com.br\/index.php?rest_route=%2Fwp%2Fv2%2Fmedia&parent=2639"}],"curies":[{"name":"wp","href":"https:\/\/api.w.org\/{rel}","templated":true}]}}